{"id":435,"date":"2022-05-16T15:19:57","date_gmt":"2022-05-16T15:19:57","guid":{"rendered":"https:\/\/jetequip.com\/?page_id=435"},"modified":"2022-09-09T03:38:41","modified_gmt":"2022-09-09T03:38:41","slug":"applications","status":"publish","type":"page","link":"https:\/\/staging.jetequip.com\/en\/applications\/","title":{"rendered":"applications"},"content":{"rendered":"","protected":false},"excerpt":{"rendered":"","protected":false},"author":1,"featured_media":0,"parent":0,"menu_order":0,"comment_status":"closed","ping_status":"closed","template":"","meta":{"footnotes":""},"class_list":["post-435","page","type-page","status-publish","hentry"],"acf":[],"yoast_head":"<!-- This site is optimized with the Yoast SEO plugin v22.3 - https:\/\/yoast.com\/wordpress\/plugins\/seo\/ -->\n<title>Jetequip | Applications g\u00e9n\u00e9rales<\/title>\n<meta name=\"description\" content=\"Jetequip poss\u00e8de le savoir-faire qu&#039;il faut pour vous aider \u00e0 r\u00e9aliser vos applications sp\u00e9cifiques. D\u00e9couvrez ce que nous pouvons faire pour vous!\" \/>\n<meta name=\"robots\" content=\"noindex, follow, max-snippet:-1, max-image-preview:large, max-video-preview:-1\" \/>\n<meta property=\"og:locale\" content=\"en_US\" \/>\n<meta property=\"og:type\" content=\"article\" \/>\n<meta property=\"og:title\" content=\"Jetequip | Applications g\u00e9n\u00e9rales\" \/>\n<meta property=\"og:description\" content=\"Jetequip poss\u00e8de le savoir-faire qu&#039;il faut pour vous aider \u00e0 r\u00e9aliser vos applications sp\u00e9cifiques. D\u00e9couvrez ce que nous pouvons faire pour vous!\" \/>\n<meta property=\"og:url\" content=\"https:\/\/staging.jetequip.com\/en\/applications\/\" \/>\n<meta property=\"og:site_name\" content=\"Jetequip\" \/>\n<meta property=\"article:modified_time\" content=\"2022-09-09T03:38:41+00:00\" \/>\n<meta name=\"twitter:card\" content=\"summary_large_image\" \/>\n<script type=\"application\/ld+json\" class=\"yoast-schema-graph\">{\"@context\":\"https:\/\/schema.org\",\"@graph\":[{\"@type\":\"WebPage\",\"@id\":\"https:\/\/staging.jetequip.com\/fr\/applications\/\",\"url\":\"https:\/\/staging.jetequip.com\/fr\/applications\/\",\"name\":\"Jetequip | Applications g\u00e9n\u00e9rales\",\"isPartOf\":{\"@id\":\"https:\/\/staging.jetequip.com\/#website\"},\"datePublished\":\"2022-05-16T15:19:57+00:00\",\"dateModified\":\"2022-09-09T03:38:41+00:00\",\"description\":\"Jetequip poss\u00e8de le savoir-faire qu'il faut pour vous aider \u00e0 r\u00e9aliser vos applications sp\u00e9cifiques. D\u00e9couvrez ce que nous pouvons faire pour vous!\",\"breadcrumb\":{\"@id\":\"https:\/\/staging.jetequip.com\/fr\/applications\/#breadcrumb\"},\"inLanguage\":\"en-US\",\"potentialAction\":[{\"@type\":\"ReadAction\",\"target\":[\"https:\/\/staging.jetequip.com\/fr\/applications\/\"]}]},{\"@type\":\"BreadcrumbList\",\"@id\":\"https:\/\/staging.jetequip.com\/fr\/applications\/#breadcrumb\",\"itemListElement\":[{\"@type\":\"ListItem\",\"position\":1,\"name\":\"Home\",\"item\":\"https:\/\/staging.jetequip.com\/fr\/\"},{\"@type\":\"ListItem\",\"position\":2,\"name\":\"applications\"}]},{\"@type\":\"WebSite\",\"@id\":\"https:\/\/staging.jetequip.com\/#website\",\"url\":\"https:\/\/staging.jetequip.com\/\",\"name\":\"Jetequip\",\"description\":\"Pro Novo Solution\",\"potentialAction\":[{\"@type\":\"SearchAction\",\"target\":{\"@type\":\"EntryPoint\",\"urlTemplate\":\"https:\/\/staging.jetequip.com\/?s={search_term_string}\"},\"query-input\":\"required name=search_term_string\"}],\"inLanguage\":\"en-US\"}]}<\/script>\n<!-- \/ Yoast SEO plugin. -->","yoast_head_json":{"title":"Jetequip | Applications g\u00e9n\u00e9rales","description":"Jetequip poss\u00e8de le savoir-faire qu'il faut pour vous aider \u00e0 r\u00e9aliser vos applications sp\u00e9cifiques. D\u00e9couvrez ce que nous pouvons faire pour vous!","robots":{"index":"noindex","follow":"follow","max-snippet":"max-snippet:-1","max-image-preview":"max-image-preview:large","max-video-preview":"max-video-preview:-1"},"og_locale":"en_US","og_type":"article","og_title":"Jetequip | Applications g\u00e9n\u00e9rales","og_description":"Jetequip poss\u00e8de le savoir-faire qu'il faut pour vous aider \u00e0 r\u00e9aliser vos applications sp\u00e9cifiques. D\u00e9couvrez ce que nous pouvons faire pour vous!","og_url":"https:\/\/staging.jetequip.com\/en\/applications\/","og_site_name":"Jetequip","article_modified_time":"2022-09-09T03:38:41+00:00","twitter_card":"summary_large_image","schema":{"@context":"https:\/\/schema.org","@graph":[{"@type":"WebPage","@id":"https:\/\/staging.jetequip.com\/fr\/applications\/","url":"https:\/\/staging.jetequip.com\/fr\/applications\/","name":"Jetequip | Applications g\u00e9n\u00e9rales","isPartOf":{"@id":"https:\/\/staging.jetequip.com\/#website"},"datePublished":"2022-05-16T15:19:57+00:00","dateModified":"2022-09-09T03:38:41+00:00","description":"Jetequip poss\u00e8de le savoir-faire qu'il faut pour vous aider \u00e0 r\u00e9aliser vos applications sp\u00e9cifiques. D\u00e9couvrez ce que nous pouvons faire pour vous!","breadcrumb":{"@id":"https:\/\/staging.jetequip.com\/fr\/applications\/#breadcrumb"},"inLanguage":"en-US","potentialAction":[{"@type":"ReadAction","target":["https:\/\/staging.jetequip.com\/fr\/applications\/"]}]},{"@type":"BreadcrumbList","@id":"https:\/\/staging.jetequip.com\/fr\/applications\/#breadcrumb","itemListElement":[{"@type":"ListItem","position":1,"name":"Home","item":"https:\/\/staging.jetequip.com\/fr\/"},{"@type":"ListItem","position":2,"name":"applications"}]},{"@type":"WebSite","@id":"https:\/\/staging.jetequip.com\/#website","url":"https:\/\/staging.jetequip.com\/","name":"Jetequip","description":"Pro Novo Solution","potentialAction":[{"@type":"SearchAction","target":{"@type":"EntryPoint","urlTemplate":"https:\/\/staging.jetequip.com\/?s={search_term_string}"},"query-input":"required name=search_term_string"}],"inLanguage":"en-US"}]}},"_links":{"self":[{"href":"https:\/\/staging.jetequip.com\/en\/wp-json\/wp\/v2\/pages\/435","targetHints":{"allow":["GET"]}}],"collection":[{"href":"https:\/\/staging.jetequip.com\/en\/wp-json\/wp\/v2\/pages"}],"about":[{"href":"https:\/\/staging.jetequip.com\/en\/wp-json\/wp\/v2\/types\/page"}],"author":[{"embeddable":true,"href":"https:\/\/staging.jetequip.com\/en\/wp-json\/wp\/v2\/users\/1"}],"replies":[{"embeddable":true,"href":"https:\/\/staging.jetequip.com\/en\/wp-json\/wp\/v2\/comments?post=435"}],"version-history":[{"count":0,"href":"https:\/\/staging.jetequip.com\/en\/wp-json\/wp\/v2\/pages\/435\/revisions"}],"wp:attachment":[{"href":"https:\/\/staging.jetequip.com\/en\/wp-json\/wp\/v2\/media?parent=435"}],"curies":[{"name":"wp","href":"https:\/\/api.w.org\/{rel}","templated":true}]}}